{"id":196,"date":"2012-05-30T14:07:19","date_gmt":"2012-05-30T18:07:19","guid":{"rendered":"http:\/\/www.radiochiloe.cl\/wp\/?page_id=196"},"modified":"2015-04-18T13:02:11","modified_gmt":"2015-04-18T16:02:11","slug":"radio-chiloe","status":"publish","type":"page","link":"https:\/\/www.radiochiloe.cl\/?page_id=196","title":{"rendered":"Radio Chilo\u00e9"},"content":{"rendered":"<div class=\"tabs-wrapper\">\n<ul class=\"tabs\">\n<li><a href=\"#tab1\">Informaci\u00f3n<\/a><\/li>\n<li><a href=\"#tab2\">Perfil<\/a><\/li>\n<li><a href=\"#tab3\">Cobertura<\/a><\/li>\n<\/ul>\n<div class=\"clear\"><\/div>\n<div class=\"tabs-container\">\n<div id=\"tab1\" class=\"tab_content\">\n<table border=\"0\" width=\"570\">\n<tbody>\n<tr>\n<td width=\"275\">Nombre Emisora<\/td>\n<td width=\"275\">Radio Chilo\u00e9 A.M.<\/td>\n<\/tr>\n<tr>\n<td width=\"275\">Se\u00f1al Caracter\u00edstica<\/td>\n<td width=\"275\">CD-103<\/td>\n<\/tr>\n<tr>\n<td width=\"275\">Frecuencia<\/td>\n<td width=\"275\">1.030 khz<\/td>\n<\/tr>\n<tr>\n<td width=\"275\">Potencia<\/td>\n<td width=\"275\">1.000 Watts<\/td>\n<\/tr>\n<tr>\n<td width=\"275\">Inicio de Transmisiones<\/td>\n<td width=\"275\">10 Junio de 1962<\/td>\n<\/tr>\n<tr>\n<td width=\"275\">Propietario<\/td>\n<td width=\"275\">Vel\u00e1squez Hnos. y C\u00eda. Ltda.<\/td>\n<\/tr>\n<tr>\n<td width=\"275\">RUT<\/td>\n<td width=\"275\">84.017.800-5<\/td>\n<\/tr>\n<tr>\n<td width=\"275\">Gerente Ejecutivo<\/td>\n<td width=\"275\">Milton Sep\u00falveda Vel\u00e1squez<\/td>\n<\/tr>\n<tr>\n<td width=\"275\">E-mail<\/td>\n<td width=\"275\">gerencia@radiochiloe.cl<\/td>\n<\/tr>\n<tr>\n<td width=\"275\">Directora<\/td>\n<td width=\"275\">Valeska Vel\u00e1squez Carrasco<\/td>\n<\/tr>\n<tr>\n<td width=\"275\">Direcci\u00f3n<\/td>\n<td width=\"275\">O&#8217;Higgins 486<\/td>\n<\/tr>\n<tr>\n<td width=\"275\">Casilla<\/td>\n<td width=\"275\">106<\/td>\n<\/tr>\n<tr>\n<td width=\"275\">Ciudad<\/td>\n<td width=\"275\">Castro<\/td>\n<\/tr>\n<tr>\n<td width=\"275\">Tel\u00e9fonos &#8211; Fax<\/td>\n<td width=\"275\">(65) 632260 &#8211; 633920 &#8211; 635891<\/td>\n<\/tr>\n<tr>\n<td width=\"275\">E-mail<\/td>\n<td width=\"275\">contacto@radiochiloe.cl<\/td>\n<\/tr>\n<tr>\n<td width=\"275\">Sitio Web<\/td>\n<td width=\"275\"><a href=\"http:\/\/www.radiochiloe.cl\" target=\"_self\">http:\/\/www.radiochiloe.cl<\/a><\/td>\n<\/tr>\n<\/tbody>\n<\/table>\n<\/div>\n<div id=\"tab2\" class=\"tab_content\">\n<p style=\"text-align: justify;\">RADIO CHILO\u00c9 A. M. tiene como audiencia &#8211; objetivo al adulto &#8211; joven y adulto de todas las edades y clases sociales, que buscan estar bien informados a nivel local (Provincia de Chilo\u00e9), Nacional e Internacional, con una programaci\u00f3n especialmente orientada, en algunos segmentos, a los sectores rurales de la provincia de Chilo\u00e9.<\/p>\n<p style=\"text-align: justify;\">La selecci\u00f3n musical se realiza sobre la base del \u00faltimo material editado por los sellos discogr\u00e1ficos. El estilo musical incluye Recuerdos, Baladas M\u00fasica Tropical, Ranchera y de actualidad, siendo esta en un 90 % en idioma Espa\u00f1ol y 10 % Anglo.<\/p>\n<p style=\"text-align: justify;\">La locuci\u00f3n es \u00aben vivo\u00bb durante todo el d\u00eda.<\/p>\n<p style=\"text-align: justify;\">La programaci\u00f3n es variada con mucho \u00e9nfasis en lo Noticioso y Deportivo tanto a nivel Local, Nacional e Internacional. El \u00e1mbito noticioso local es cubierto por nuestro propio Departamento de Prensa, integrado por tres personas dos de las cuales trabajan \u00aben terreno\u00bb con equipos m\u00f3viles, que informan, en directo, de todo lo que acontece desde el lugar en que se produce la noticia, cumpliendo la tercera persona la funci\u00f3n de Editor Period\u00edstico encarg\u00e1ndose del armado de los noticieros centrales sobre la base del material despachado por los m\u00f3viles y otras noticias obtenidas por distintos conductos. El \u00e1mbito noticioso Nacional e Internacional es cubierto a trav\u00e9s de nuestro contacto con Radio Agricultura de Santiago con transmisi\u00f3n de su programa \u201cTelenoticias\u201d, con sus Informativos centrales y sus \u201cContactos Noticiosos\u201d cada una hora.<\/p>\n<p style=\"text-align: justify;\">El \u00e1mbito Deportivo a nivel Local es cubierto por el equipo deportivo \u00abChilo\u00e9 Deportes\u00bb, con programa de Estudios y transmisiones en terreno a lo largo de todo el pa\u00eds. La cobertura deportiva a nivel Nacional e Internacional se realiza trav\u00e9s de nuestro contacto con Radio Agricultura y su Programa \u201cDeportes en Agricultura\u201d, en sus emisiones de estudio y transmisiones en terreno a trav\u00e9s de todo el mundo con especial cobertura al F\u00fatbol Profesional Chileno.<\/p>\n<\/div>\n<div id=\"tab3\" class=\"tab_content\">\n<p style=\"text-align: justify;\">Radio Chilo\u00e9 A. M. con sus 1.000 Watts de potencia efectiva en antena posee una cobertura que abarca toda la Provincia de Chilo\u00e9, la Isla Grande, con sus grandes centros urbanos como Castro, Chonchi y Quell\u00f3n, adem\u00e1s de los mas peque\u00f1os como Quemchi, Achao, Curaco de V\u00e9lez, Dalcahue, Puqueld\u00f3n, Queilen y toda la gran cantidad de sectores rurales existentes entre ellos, incluyendo, tambi\u00e9n, todas las Islas adyacentes a la Isla Grande de Chilo\u00e9 y que en conjunto forman el Archipi\u00e9lago de Chilo\u00e9 como lo son las Butachauques, Mechuque, Lin-Lin, Meul\u00edn, Quenac, Cahuach, Quinchao, Alao, Apiao, Chaulinec, Quehui, Chel\u00edn, Lemuy, Acuy y Tranqui, por nombrar algunas. Adem\u00e1s nuestra cobertura se extiende a Chait\u00e9n y Palena.<\/p>\n<p style=\"text-align: justify;\">Nuestra cobertura se expande a todo el mundo a trav\u00e9s de nuestra emisi\u00f3n \u201con line\u201d, con dominio registrado en www.radiochiloe.cl.<\/p>\n<p><span style=\"color: #ffffff;\">___________________<\/span><img loading=\"lazy\" class=\"alignnone wp-image-240 size-full\" title=\"Cobertura Radio Chilo\u00e9\" src=\"http:\/\/www.radiochiloe.cl\/wp-content\/uploads\/2012\/05\/cobertura_chiloe300.gif\" alt=\"\" width=\"300\" height=\"287\" \/>\n<\/div>\n<\/div>\n<\/div>\n","protected":false},"excerpt":{"rendered":"<p>Informaci\u00f3n Perfil Cobertura Nombre Emisora Radio Chilo\u00e9 A.M. Se\u00f1al Caracter\u00edstica CD-103 Frecuencia 1.030 khz Potencia 1.000 Watts Inicio de Transmisiones 10 Junio de 1962 Propietario Vel\u00e1squez Hnos. y C\u00eda. Ltda. RUT 84.017.800-5 Gerente Ejecutivo Milton Sep\u00falveda Vel\u00e1squez E-mail gerencia@radiochiloe.cl Directora Valeska Vel\u00e1squez Carrasco Direcci\u00f3n O&#8217;Higgins 486 Casilla 106 Ciudad Castro Tel\u00e9fonos &#8211; Fax (65) 632260 [&hellip;]<\/p>\n","protected":false},"author":6,"featured_media":0,"parent":0,"menu_order":0,"comment_status":"open","ping_status":"open","template":"","meta":[],"_links":{"self":[{"href":"https:\/\/www.radiochiloe.cl\/index.php?rest_route=\/wp\/v2\/pages\/196"}],"collection":[{"href":"https:\/\/www.radiochiloe.cl\/index.php?rest_route=\/wp\/v2\/pages"}],"about":[{"href":"https:\/\/www.radiochiloe.cl\/index.php?rest_route=\/wp\/v2\/types\/page"}],"author":[{"embeddable":true,"href":"https:\/\/www.radiochiloe.cl\/index.php?rest_route=\/wp\/v2\/users\/6"}],"replies":[{"embeddable":true,"href":"https:\/\/www.radiochiloe.cl\/index.php?rest_route=%2Fwp%2Fv2%2Fcomments&post=196"}],"version-history":[{"count":18,"href":"https:\/\/www.radiochiloe.cl\/index.php?rest_route=\/wp\/v2\/pages\/196\/revisions"}],"predecessor-version":[{"id":51419,"href":"https:\/\/www.radiochiloe.cl\/index.php?rest_route=\/wp\/v2\/pages\/196\/revisions\/51419"}],"wp:attachment":[{"href":"https:\/\/www.radiochiloe.cl\/index.php?rest_route=%2Fwp%2Fv2%2Fmedia&parent=196"}],"curies":[{"name":"wp","href":"https:\/\/api.w.org\/{rel}","templated":true}]}}